{"id":8,"date":"2020-06-28T18:30:15","date_gmt":"2020-06-28T16:30:15","guid":{"rendered":"http:\/\/biketourwaimes.be\/fr\/?page_id=8"},"modified":"2020-07-01T17:09:24","modified_gmt":"2020-07-01T15:09:24","slug":"contact","status":"publish","type":"page","link":"https:\/\/biketourwaimes.be\/fr\/contact\/","title":{"rendered":"Contact"},"content":{"rendered":"\n<p>Pour toute information, demande, remarque, conseil, etc n\u2019h\u00e9sitez pas \u00e0 nous contacter&nbsp;:<\/p>\n\n\n\n<ul><li>soit par mail : fichaumietlili @ gmail . com (en supprimant les espaces)<\/li><li>soit par GSM au num\u00e9ro&nbsp;: +32 495 771990.<\/li><\/ul>\n\n\n\n<figure class=\"wp-block-table aligncenter is-style-stripes\"><table class=\"has-fixed-layout\"><tbody><tr><td class=\"has-text-align-center\" data-align=\"center\"><a href=\"https:\/\/biketourwaimes.be\/nl\/contacteer-ons\/\" target=\"_blank\" rel=\"noreferrer noopener\"><img src=\"https:\/\/biketourwaimes.be\/fr\/wp-content\/uploads\/2020\/06\/flag_netherlands.png\" alt=\"L\u2019attribut alt de cette image est vide, son nom de fichier est flag_netherlands.png.\" style=\"width: 50px;\"><\/a><br>NL<\/td><td class=\"has-text-align-center\" data-align=\"center\"><a rel=\"noreferrer noopener\" href=\"https:\/\/biketourwaimes.be\/en\/contact\/\" target=\"_blank\"><img src=\"https:\/\/biketourwaimes.be\/fr\/wp-content\/uploads\/2020\/06\/flag_uk.png\" alt=\"L\u2019attribut alt de cette image est vide, son nom de fichier est flag_uk.png.\" style=\"width: 50px;\"><\/a><br>EN<\/td><td class=\"has-text-align-center\" data-align=\"center\"><a rel=\"noreferrer noopener\" href=\"https:\/\/biketourwaimes.be\/de\/kontakt\/\" target=\"_blank\"><img src=\"https:\/\/biketourwaimes.be\/fr\/wp-content\/uploads\/2020\/06\/flag_germany.png\" alt=\"L\u2019attribut alt de cette image est vide, son nom de fichier est flag_germany.png.\" style=\"width: 50px;\"><\/a><br>DE<\/td><\/tr><\/tbody><\/table><\/figure>\n\n\n\n<p><\/p>\n","protected":false},"excerpt":{"rendered":"<p>Pour toute information, demande, remarque, conseil, etc n\u2019h\u00e9sitez pas \u00e0 nous contacter&nbsp;: soit par mail : fichaumietlili @ gmail . com (en supprimant les espaces) soit par GSM au num\u00e9ro&nbsp;: +32 495 771990. NL EN DE<\/p>\n","protected":false},"author":1,"featured_media":0,"parent":0,"menu_order":300,"comment_status":"closed","ping_status":"closed","template":"","meta":[],"_links":{"self":[{"href":"https:\/\/biketourwaimes.be\/fr\/wp-json\/wp\/v2\/pages\/8"}],"collection":[{"href":"https:\/\/biketourwaimes.be\/fr\/wp-json\/wp\/v2\/pages"}],"about":[{"href":"https:\/\/biketourwaimes.be\/fr\/wp-json\/wp\/v2\/types\/page"}],"author":[{"embeddable":true,"href":"https:\/\/biketourwaimes.be\/fr\/wp-json\/wp\/v2\/users\/1"}],"replies":[{"embeddable":true,"href":"https:\/\/biketourwaimes.be\/fr\/wp-json\/wp\/v2\/comments?post=8"}],"version-history":[{"count":9,"href":"https:\/\/biketourwaimes.be\/fr\/wp-json\/wp\/v2\/pages\/8\/revisions"}],"predecessor-version":[{"id":192,"href":"https:\/\/biketourwaimes.be\/fr\/wp-json\/wp\/v2\/pages\/8\/revisions\/192"}],"wp:attachment":[{"href":"https:\/\/biketourwaimes.be\/fr\/wp-json\/wp\/v2\/media?parent=8"}],"curies":[{"name":"wp","href":"https:\/\/api.w.org\/{rel}","templated":true}]}}