{"id":7,"date":"2020-06-28T18:30:15","date_gmt":"2020-06-28T16:30:15","guid":{"rendered":"http:\/\/biketourwaimes.be\/fr\/?page_id=7"},"modified":"2020-07-01T17:04:05","modified_gmt":"2020-07-01T15:04:05","slug":"a-propos","status":"publish","type":"page","link":"https:\/\/biketourwaimes.be\/fr\/a-propos\/","title":{"rendered":"\u00c0 propos"},"content":{"rendered":"\n<p>Le BTW est une boucle de 38-39km qui d\u00e9marre de la gare Waimes pour y revenir (sinon ce ne serait pas une boucle..) en passant par les communes de B\u00fctgenbach, B\u00fcllingen (Bullange) et Amel (Ambl\u00e8ve). Vous trouverez sur le parcours de nombreuses possibilit\u00e9s pour vous d\u00e9salt\u00e9rer ou manger (voir page des liens).<\/p>\n\n\n\n<p>Selon votre degr\u00e9 d\u2019entra\u00eenement, pr\u00e9voyez entre 6 et 8 heures pour boucler la boucle.<\/p>\n\n\n\n<p>Une telle sortie se pr\u00e9pare un minimum et ne se prend pas \u00e0 la l\u00e9g\u00e8re&nbsp;!<\/p>\n\n\n\n<p class=\"has-text-color has-secondary-color\"><strong><em>En quelques chiffres&nbsp;:<\/em><\/strong><\/p>\n\n\n\n<ul><li>38 kilom\u00e8tres dont 23 de RaVel, 10 de route de campagne, 5 de \u00ab&nbsp;ville&nbsp;\u00bb<\/li><li>+\/- 400 m\u00e8tres de d\u00e9nivel\u00e9 positif et forc\u00e9ment pareil en n\u00e9gatif.<\/li><li>42 caches dont 3 bonus, 3 letterbox, 3 multis, TB Hotel<\/li><\/ul>\n\n\n\n<p class=\"has-text-color has-secondary-color\"><strong><em>Ne pas oublier :<\/em><\/strong><\/p>\n\n\n\n<ul><li>D\u2019emporter de l\u2019eau et\/ou de quoi grignoter.<\/li><li>De BIEN CONSULTER CHAQUE PAGE : matrice D\/T \u2013 Taille \u2013 Indice(s) Additionnel(s)<\/li><li>D&#8217;emmener votre mat\u00e9riel de parfait g\u00e9ocacheur : aimant, ficelle,\u2026<\/li><li>De t\u00e9l\u00e9charger, d\u2019imprimer, de lire et d\u2019emporter le fascicule !<\/li><\/ul>\n\n\n\n<p class=\"has-text-color has-large-font-size has-accent-color\"><strong>SI VOUS NE PARVENEZ PAS A OUVRIR UNE CACHE, LOGUEZ-LA EN LIGNE MAIS NE LA FORCEZ PAS !<\/strong><\/p>\n\n\n\n<p>Merci !<\/p>\n\n\n\n<figure class=\"wp-block-table aligncenter is-style-stripes\"><table class=\"has-fixed-layout\"><tbody><tr><td class=\"has-text-align-center\" data-align=\"center\"><a href=\"https:\/\/biketourwaimes.be\/nl\/over-btw\/\" target=\"_blank\" rel=\"noreferrer noopener\"><img src=\"https:\/\/biketourwaimes.be\/fr\/wp-content\/uploads\/2020\/06\/flag_netherlands.png\" alt=\"L\u2019attribut alt de cette image est vide, son nom de fichier est flag_netherlands.png.\" style=\"width: 50px;\"><\/a><br>NL<\/td><td class=\"has-text-align-center\" data-align=\"center\"><a rel=\"noreferrer noopener\" href=\"https:\/\/biketourwaimes.be\/en\/about\/\" target=\"_blank\"><img src=\"https:\/\/biketourwaimes.be\/fr\/wp-content\/uploads\/2020\/06\/flag_uk.png\" alt=\"L\u2019attribut alt de cette image est vide, son nom de fichier est flag_uk.png.\" style=\"width: 50px;\"><\/a><br>EN<\/td><td class=\"has-text-align-center\" data-align=\"center\"><a rel=\"noreferrer noopener\" href=\"https:\/\/biketourwaimes.be\/de\/uber\/\" target=\"_blank\"><img src=\"https:\/\/biketourwaimes.be\/fr\/wp-content\/uploads\/2020\/06\/flag_germany.png\" alt=\"L\u2019attribut alt de cette image est vide, son nom de fichier est flag_germany.png.\" style=\"width: 50px;\"><\/a><br>DE<\/td><\/tr><\/tbody><\/table><\/figure>\n\n\n\n<p><\/p>\n","protected":false},"excerpt":{"rendered":"<p>Le BTW est une boucle de 38-39km qui d\u00e9marre de la gare Waimes pour y revenir (sinon ce ne serait pas une boucle..) en passant par les communes de B\u00fctgenbach, B\u00fcllingen (Bullange) et Amel (Ambl\u00e8ve). Vous trouverez sur le parcours de nombreuses possibilit\u00e9s pour vous d\u00e9salt\u00e9rer ou manger (voir page des liens). Selon votre degr\u00e9 [&hellip;]<\/p>\n","protected":false},"author":1,"featured_media":0,"parent":0,"menu_order":20,"comment_status":"closed","ping_status":"closed","template":"","meta":[],"_links":{"self":[{"href":"https:\/\/biketourwaimes.be\/fr\/wp-json\/wp\/v2\/pages\/7"}],"collection":[{"href":"https:\/\/biketourwaimes.be\/fr\/wp-json\/wp\/v2\/pages"}],"about":[{"href":"https:\/\/biketourwaimes.be\/fr\/wp-json\/wp\/v2\/types\/page"}],"author":[{"embeddable":true,"href":"https:\/\/biketourwaimes.be\/fr\/wp-json\/wp\/v2\/users\/1"}],"replies":[{"embeddable":true,"href":"https:\/\/biketourwaimes.be\/fr\/wp-json\/wp\/v2\/comments?post=7"}],"version-history":[{"count":12,"href":"https:\/\/biketourwaimes.be\/fr\/wp-json\/wp\/v2\/pages\/7\/revisions"}],"predecessor-version":[{"id":190,"href":"https:\/\/biketourwaimes.be\/fr\/wp-json\/wp\/v2\/pages\/7\/revisions\/190"}],"wp:attachment":[{"href":"https:\/\/biketourwaimes.be\/fr\/wp-json\/wp\/v2\/media?parent=7"}],"curies":[{"name":"wp","href":"https:\/\/api.w.org\/{rel}","templated":true}]}}