{"id":8,"date":"2020-06-29T13:58:05","date_gmt":"2020-06-29T11:58:05","guid":{"rendered":"http:\/\/biketourwaimes.be\/de\/?page_id=8"},"modified":"2020-07-01T17:10:29","modified_gmt":"2020-07-01T15:10:29","slug":"kontakt","status":"publish","type":"page","link":"https:\/\/biketourwaimes.be\/de\/kontakt\/","title":{"rendered":"Kontakt"},"content":{"rendered":"\n<p>F\u00fcr weitere Informationen, Fragen, Kommentare oder Ratschl\u00e4ge z\u00f6gern Sie nicht, uns zu kontaktieren:<\/p>\n\n\n\n<ul><li>per E-Mail : fichaumietlili @ gmail . com (Leerzeichen entfernen)<\/li><li>oder per GSM unter der Nummer: +32 495 771990<\/li><\/ul>\n\n\n\n<figure class=\"wp-block-table aligncenter is-style-stripes\"><table class=\"has-fixed-layout\"><tbody><tr><td class=\"has-text-align-center\" data-align=\"center\"><a href=\"https:\/\/biketourwaimes.be\/fr\/contact\/\" target=\"_blank\" rel=\"noreferrer noopener\"><img src=\"https:\/\/biketourwaimes.be\/de\/wp-content\/uploads\/2020\/06\/flag_france.png\" alt=\"L\u2019attribut alt de cette image est vide, son nom de fichier est flag_france.png.\" style=\"width: 50px;\"><\/a><br>FR<\/td><td class=\"has-text-align-center\" data-align=\"center\"><a href=\"https:\/\/biketourwaimes.be\/nl\/contacteer-ons\/\" target=\"_blank\" rel=\"noreferrer noopener\"><img src=\"https:\/\/biketourwaimes.be\/de\/wp-content\/uploads\/2020\/06\/flag_netherlands.png\" alt=\"L\u2019attribut alt de cette image est vide, son nom de fichier est flag_netherlands.png.\" style=\"width: 50px;\"><\/a><br>NL<\/td><td class=\"has-text-align-center\" data-align=\"center\"><a href=\"https:\/\/biketourwaimes.be\/en\/contact\/\" target=\"_blank\" rel=\"noreferrer noopener\"><img src=\"https:\/\/biketourwaimes.be\/de\/wp-content\/uploads\/2020\/06\/flag_uk.png\" alt=\"L\u2019attribut alt de cette image est vide, son nom de fichier est flag_uk.png.\" style=\"width: 50px;\"><\/a><br>EN<\/td><\/tr><\/tbody><\/table><\/figure>\n","protected":false},"excerpt":{"rendered":"<p>F\u00fcr weitere Informationen, Fragen, Kommentare oder Ratschl\u00e4ge z\u00f6gern Sie nicht, uns zu kontaktieren: per E-Mail : fichaumietlili @ gmail . com (Leerzeichen entfernen) oder per GSM unter der Nummer: +32 495 771990 FR NL EN<\/p>\n","protected":false},"author":1,"featured_media":0,"parent":0,"menu_order":300,"comment_status":"closed","ping_status":"closed","template":"","meta":[],"_links":{"self":[{"href":"https:\/\/biketourwaimes.be\/de\/wp-json\/wp\/v2\/pages\/8"}],"collection":[{"href":"https:\/\/biketourwaimes.be\/de\/wp-json\/wp\/v2\/pages"}],"about":[{"href":"https:\/\/biketourwaimes.be\/de\/wp-json\/wp\/v2\/types\/page"}],"author":[{"embeddable":true,"href":"https:\/\/biketourwaimes.be\/de\/wp-json\/wp\/v2\/users\/1"}],"replies":[{"embeddable":true,"href":"https:\/\/biketourwaimes.be\/de\/wp-json\/wp\/v2\/comments?post=8"}],"version-history":[{"count":5,"href":"https:\/\/biketourwaimes.be\/de\/wp-json\/wp\/v2\/pages\/8\/revisions"}],"predecessor-version":[{"id":146,"href":"https:\/\/biketourwaimes.be\/de\/wp-json\/wp\/v2\/pages\/8\/revisions\/146"}],"wp:attachment":[{"href":"https:\/\/biketourwaimes.be\/de\/wp-json\/wp\/v2\/media?parent=8"}],"curies":[{"name":"wp","href":"https:\/\/api.w.org\/{rel}","templated":true}]}}